{"id":565,"date":"2024-10-16T16:47:54","date_gmt":"2024-10-16T16:47:54","guid":{"rendered":"https:\/\/proyecto660.cedigital.mx\/?page_id=565"},"modified":"2024-10-25T16:22:26","modified_gmt":"2024-10-25T16:22:26","slug":"politicas-de-privacidad","status":"publish","type":"page","link":"https:\/\/proyecto660.cedigital.mx\/?page_id=565","title":{"rendered":"Pol\u00edticas de privacidad"},"content":{"rendered":"\t\t<div data-elementor-type=\"wp-page\" data-elementor-id=\"565\" class=\"elementor elementor-565\" data-elementor-post-type=\"page\">\n\t\t\t\t<div class=\"elementor-element elementor-element-95b2f7e e-flex e-con-boxed e-con e-parent\" data-id=\"95b2f7e\" data-element_type=\"container\">\n\t\t\t\t\t<div class=\"e-con-inner\">\n\t\t\t\t<div class=\"elementor-element elementor-element-4b4ccf0 elementor-widget elementor-widget-text-editor\" data-id=\"4b4ccf0\" data-element_type=\"widget\" data-widget_type=\"text-editor.default\">\n\t\t\t\t<div class=\"elementor-widget-container\">\n\t\t\t\t\t\t\t\t\t<p><b>Aviso de Privacidad<br \/><\/b><br \/>De acuerdo a lo Previsto en la \u201cLey Federal de Protecci\u00f3n de Datos Personales\u201d, declara <b>GRUPO ARKRO<\/b>\u00a0ser una empresa responsable del tratamiento de sus datos personales, hace de su conocimiento que la informaci\u00f3n de nuestros clientes es tratada de forma estrictamente confidencial por lo que al proporcionar sus datos personales, tales como:<br \/>1. Nombre.<br \/>2. Tel\u00e9fono<br \/>3. Correo Electr\u00f3nico.<\/p><p><b>Estos ser\u00e1n utilizados \u00fanica y exclusivamente para los siguientes fines:<\/b><\/p><p>1. Informaci\u00f3n y Prestaci\u00f3n de Servicios.<br \/>2. Actualizaci\u00f3n de la Base de Datos.<br \/>3. Cualquier finalidad an\u00e1loga o compatible con las anteriores.<\/p><p>Para prevenir el acceso no autorizado a sus datos personales y con el fin de asegurar que la informaci\u00f3n sea utilizada para los fines establecidos en este aviso de privacidad, hemos establecido diversos procedimientos con la finalidad de evitar el uso o divulgaci\u00f3n no autorizados de sus datos, permiti\u00e9ndonos tratarlos debidamente.<\/p><p><b>Aviso de Cookies<\/b><\/p><p>Aspectos espec\u00edficos de privacidad en nuestro sitio web<\/p><p><b>Cookies<\/b><br \/>En nuestro Sitio web utilizamos \u201ccookies\u201c. Las cookies son peque\u00f1os archivos de datos que se almacenan en el disco duro de su equipo de c\u00f3mputo o del dispositivo de comunicaci\u00f3n electr\u00f3nica que usted utiliza cuando navega en nuestro Sitio. Estos archivos de datos permiten intercambiar informaci\u00f3n de estado entre nuestro Sitio web y el navegador que usted utiliza. La \u201cinformaci\u00f3n de estado\u201d puede revelar medios de identificaci\u00f3n de sesi\u00f3n, medios de autenticaci\u00f3n o sus preferencias como usuario, as\u00ed como cualquier otro dato almacenado por el navegador respecto del Sitio web.<\/p><p>Las cookies nos permiten monitorear el comportamiento de un usuario en l\u00ednea. Utilizamos la informaci\u00f3n que es obtenida a trav\u00e9s de cookies para ayudarnos a optimizar su experiencia de compra. A trav\u00e9s del uso de cookies podemos, por ejemplo, personalizar en su favor nuestra p\u00e1gina de inicio de manera que nuestras pantallas se desplieguen de mejor manera de acuerdo a su tipo de navegador.<\/p><p>Las cookies tambi\u00e9n nos permiten ofrecerle recomendaciones personalizadas respecto de productos, y correos electr\u00f3nicos.<\/p><p>Las cookies no son software esp\u00eda,\u00a0<span style=\"font-weight: bold;\">GRUPO ARKRO<\/span>\u00a0no recopila datos de m\u00faltiples sitios o comparte con terceros la informaci\u00f3n que obtenemos a trav\u00e9s de cookies.<\/p><p>Como la mayor\u00eda de los sitios web, nuestros servidores registran su direcci\u00f3n IP, la direcci\u00f3n URL desde la que accedi\u00f3 a nuestro Sitio web, el tipo de navegador, y la fecha y hora de sus compras y otras actividades. Utilizamos esta informaci\u00f3n para la administraci\u00f3n del sistema, soluci\u00f3n de problemas t\u00e9cnicos, investigaci\u00f3n de fraudes y para nuestras comunicaciones con usted.<\/p><p>Por \u00faltimo, le informamos que el Sitio web utiliza web beacons. Los web beacons tambi\u00e9n nos permiten monitorear su comportamiento en medios electr\u00f3nicos Utilizamos web beacons para determinar cu\u00e1ndo y cu\u00e1ntas veces una p\u00e1gina ha sido vista.\u00a0Utilizamos esta informaci\u00f3n para fines de mercadotecnia, pero \u00fanicamente para nuestras propias pr\u00e1cticas de mercadotecnia.\u00a0Su navegador aceptar\u00e1 las cookies y permitir\u00e1 la recolecci\u00f3n autom\u00e1tica de informaci\u00f3n a menos que usted cambie la configuraci\u00f3n predeterminada del navegador. La mayor\u00eda de navegadores web permiten que usted pueda gestionar sus preferencias de cookies.<\/p><p>Puede ajustar su navegador para que rechace o elimine cookies. Los siguientes links muestran como ajustar la configuraci\u00f3n del navegador de los navegadores que son utilizados con m\u00e1s frecuencia:<\/p><p><a href=\"http:\/\/windows.microsoft.com\/es-ES\/windows-vista\/Block-or-allow-cookies\">Internet Explorer<\/a><br \/><a href=\"https:\/\/support.mozilla.org\/es\/kb\/habilitar-y-deshabilitar-cookies-que-los-sitios-we\">Firefox<\/a><br \/><a href=\"https:\/\/support.apple.com\/kb\/index?page=search&amp;fac=all&amp;q=cookies%20safari\">Safari<\/a><br \/><a href=\"https:\/\/support.google.com\/chrome\/bin\/answer.py?hl=es&amp;answer=95647\">Chrome<\/a><\/p><p>Si se inhabilitan las cookies del Sitio web, nuestro Sitio no se cargar\u00e1 apropiadamente.<\/p><table><tbody><tr><th>Categor\u00edas de\u00a0<em>Cookies<\/em><\/th><th>\u00bfPor qu\u00e9 utilizamos estas\u00a0<em>cookies<\/em>?<\/th><\/tr><tr><td><strong>T\u00e9cnicas<\/strong><\/td><td>Son\u00a0<em>cookies<\/em>\u00a0necesarias para el funcionamiento de un sitio web. Incluyen, por ejemplo,\u00a0<em>cookies<\/em>\u00a0que le permiten iniciar sesi\u00f3n en \u00e1reas seguras de un sitio web o comprar bienes por Internet.<\/td><\/tr><tr><td><strong>Preferencias<\/strong><\/td><td>Estas\u00a0<em>cookies<\/em>\u00a0permiten al usuario acceder al sitio web con determinadas funcionalidades generales predefinidas en el terminal del usuario de acuerdo con una serie de criterios (p. ej., idioma, tipo de navegador, ajustes geogr\u00e1ficos). Se utilizan para reconocer a un usuario cuando regresa a un sitio web. Estas\u00a0<em>cookies<\/em>\u00a0nos permiten personalizar el contenido para un usuario y recordar sus preferencias.<\/td><\/tr><tr><td><strong>Seguridad<\/strong><\/td><td>Utilizamos estas\u00a0<em>cookies<\/em>\u00a0para ayudar a identificar y prevenir riesgos para la seguridad.<\/td><\/tr><tr><td><strong>Rendimiento<\/strong><\/td><td>Utilizamos estas\u00a0<em>cookies<\/em>\u00a0para recoger informaci\u00f3n sobre c\u00f3mo interact\u00faa con nuestro sitio web y para ayudarnos a mejorarlo. Por ejemplo, podemos utilizar estas\u00a0<em>cookies<\/em>\u00a0para determinar si usted ha interactuado con una determinada p\u00e1gina web.<\/td><\/tr><tr><td><strong>An\u00e1lisis<\/strong><\/td><td>Estas\u00a0<em>cookies<\/em>\u00a0nos permiten entender mejor c\u00f3mo interact\u00faan nuestros usuarios con nuestro sitio web. Nos permiten reconocer y contar el n\u00famero de visitas y saber c\u00f3mo navegan en un sitio web cuando lo utilizan. Estas\u00a0<em>cookies<\/em>\u00a0nos ayudan a mejorar el modo en que funciona un sitio web, por ejemplo, garantizando que los usuarios encuentren lo que buscan f\u00e1cilmente. Podemos utilizar estas\u00a0<em>cookies<\/em>\u00a0para conocer m\u00e1s sobre qu\u00e9 funcionalidades son las m\u00e1s populares entre nuestros usuarios y d\u00f3nde necesitamos mejorar.<\/td><\/tr><\/tbody><\/table>\t\t\t\t\t\t\t\t<\/div>\n\t\t\t\t<\/div>\n\t\t\t\t\t<\/div>\n\t\t\t\t<\/div>\n\t\t\t\t<\/div>\n\t\t","protected":false},"excerpt":{"rendered":"<p>Aviso de PrivacidadDe acuerdo a lo Previsto en la \u201cLey Federal de Protecci\u00f3n de Datos Personales\u201d, declara GRUPO ARKRO\u00a0ser una [&hellip;]<\/p>\n","protected":false},"author":1,"featured_media":0,"parent":0,"menu_order":0,"comment_status":"closed","ping_status":"closed","template":"","meta":{"site-sidebar-layout":"no-sidebar","site-content-layout":"","ast-site-content-layout":"full-width-container","site-content-style":"default","site-sidebar-style":"default","ast-global-header-display":"","ast-banner-title-visibility":"","ast-main-header-display":"","ast-hfb-above-header-display":"","ast-hfb-below-header-display":"","ast-hfb-mobile-header-display":"","site-post-title":"disabled","ast-breadcrumbs-content":"","ast-featured-img":"disabled","footer-sml-layout":"","theme-transparent-header-meta":"","adv-header-id-meta":"","stick-header-meta":"","header-above-stick-meta":"","header-main-stick-meta":"","header-below-stick-meta":"","astra-migrate-meta-layouts":"default","ast-page-background-enabled":"default","ast-page-background-meta":{"desktop":{"background-color":"var(--ast-global-color-4)","background-image":"","background-repeat":"repeat","background-position":"center center","background-size":"auto","background-attachment":"scroll","background-type":"","background-media":"","overlay-type":"","overlay-color":"","overlay-opacity":"","overlay-gradient":""},"tablet":{"background-color":"","background-image":"","background-repeat":"repeat","background-position":"center center","background-size":"auto","background-attachment":"scroll","background-type":"","background-media":"","overlay-type":"","overlay-color":"","overlay-opacity":"","overlay-gradient":""},"mobile":{"background-color":"","background-image":"","background-repeat":"repeat","background-position":"center center","background-size":"auto","background-attachment":"scroll","background-type":"","background-media":"","overlay-type":"","overlay-color":"","overlay-opacity":"","overlay-gradient":""}},"ast-content-background-meta":{"desktop":{"background-color":"var(--ast-global-color-5)","background-image":"","background-repeat":"repeat","background-position":"center center","background-size":"auto","background-attachment":"scroll","background-type":"","background-media":"","overlay-type":"","overlay-color":"","overlay-opacity":"","overlay-gradient":""},"tablet":{"background-color":"var(--ast-global-color-5)","background-image":"","background-repeat":"repeat","background-position":"center center","background-size":"auto","background-attachment":"scroll","background-type":"","background-media":"","overlay-type":"","overlay-color":"","overlay-opacity":"","overlay-gradient":""},"mobile":{"background-color":"var(--ast-global-color-5)","background-image":"","background-repeat":"repeat","background-position":"center center","background-size":"auto","background-attachment":"scroll","background-type":"","background-media":"","overlay-type":"","overlay-color":"","overlay-opacity":"","overlay-gradient":""}},"_joinchat":[],"footnotes":""},"class_list":["post-565","page","type-page","status-publish","hentry"],"_links":{"self":[{"href":"https:\/\/proyecto660.cedigital.mx\/index.php?rest_route=\/wp\/v2\/pages\/565"}],"collection":[{"href":"https:\/\/proyecto660.cedigital.mx\/index.php?rest_route=\/wp\/v2\/pages"}],"about":[{"href":"https:\/\/proyecto660.cedigital.mx\/index.php?rest_route=\/wp\/v2\/types\/page"}],"author":[{"embeddable":true,"href":"https:\/\/proyecto660.cedigital.mx\/index.php?rest_route=\/wp\/v2\/users\/1"}],"replies":[{"embeddable":true,"href":"https:\/\/proyecto660.cedigital.mx\/index.php?rest_route=%2Fwp%2Fv2%2Fcomments&post=565"}],"version-history":[{"count":13,"href":"https:\/\/proyecto660.cedigital.mx\/index.php?rest_route=\/wp\/v2\/pages\/565\/revisions"}],"predecessor-version":[{"id":1142,"href":"https:\/\/proyecto660.cedigital.mx\/index.php?rest_route=\/wp\/v2\/pages\/565\/revisions\/1142"}],"wp:attachment":[{"href":"https:\/\/proyecto660.cedigital.mx\/index.php?rest_route=%2Fwp%2Fv2%2Fmedia&parent=565"}],"curies":[{"name":"wp","href":"https:\/\/api.w.org\/{rel}","templated":true}]}}